{"id":1712,"date":"2023-03-24T20:13:27","date_gmt":"2023-03-24T20:13:27","guid":{"rendered":"https:\/\/rehmannlegal.live-website.com\/privacy-policy"},"modified":"2024-06-24T16:29:15","modified_gmt":"2024-06-24T16:29:15","slug":"privacy-policy","status":"publish","type":"page","link":"https:\/\/rehmann.legal\/en\/privacy-policy","title":{"rendered":"Privacy policy"},"content":{"rendered":"\n[et_pb_section fb_built=&#8221;1&#8243; _builder_version=&#8221;4.16&#8243; global_colors_info=&#8221;{}&#8221;][et_pb_row _builder_version=&#8221;4.16&#8243; background_size=&#8221;initial&#8221; background_position=&#8221;top_left&#8221; background_repeat=&#8221;repeat&#8221; global_colors_info=&#8221;{}&#8221;][et_pb_column type=&#8221;4_4&#8243; _builder_version=&#8221;4.16&#8243; custom_padding=&#8221;|||&#8221; global_colors_info=&#8221;{}&#8221; custom_padding__hover=&#8221;|||&#8221;][et_pb_text _builder_version=&#8221;4.24.2&#8243; background_size=&#8221;initial&#8221; background_position=&#8221;top_left&#8221; background_repeat=&#8221;repeat&#8221; custom_margin=&#8221;100px||||false|false&#8221; hover_enabled=&#8221;0&#8243; global_colors_info=&#8221;{}&#8221; sticky_enabled=&#8221;0&#8243;]<h2 style=\"text-align: right; font-weight: 800;\">PRIVACY POLICY<\/h2>\n<h4><span style=\"color: #ffffff;\">.<\/span><\/h4>\n<h4>1. INFORMATION \u00dcBER DIE ERHEBUNG PERSONEN\u00adBEZOGENER DATEN<\/h4>\n(1) Nachfolgend informiere ich Sie \u00fcber die Verarbeitung personenbezogener Daten bei Nutzung dieser Website. Personenbezogene Daten sind alle auf Sie pers\u00f6nlich beziehbare Daten, wie beispielsweise Name, Adresse, E-Mail-Adressen, Nutzerverhalten. Dadurch informiere ich Sie \u00fcber unsere Verarbeitungsvorg\u00e4nge, den gesetzlichen Pflichten aus der EU-Datenschutz-Grundverordnung (DS-GVO) und dem Gesetz \u00fcber den Datenschutz und den Schutz der Privatsph\u00e4re in der Telekommunikation und bei Telemedien (TTDSG), insbesondere den Informationspflichten nach Art. 13 DS-GVO.\n\n(2) Thorsten Rehmann ist verantwortlich nach Art. 4 Abs. 7 DS-GVO. Unsere Kontaktdaten sind:\n\nREHMANN.LEGAL\nZum Steinbruch 4\n38126 Braunschweig\nDeutschland\n\nE-Mail: <a href=\"mailto:info@rehmann.legal\">info@rehmann.legal<\/a>\n\nTelefon: +49 (0)531 &#8211; 681048\n\nTelefax: +49 (0)531 &#8211; 681051\n\n<span style=\"color: #ffffff;\">.<\/span>\nUnseren Datenschutzbeauftragten erreichen Sie unter unserer Postadresse mit dem Zusatz \u201ez.H. Datenschutzbeauftragten\u201c.\n\n(3) Soweit wir f\u00fcr einzelne Funktionen unserer Website auf beauftragte Dienstleister zur\u00fcckgreifen, haben wir diese sorgf\u00e4ltig ausgew\u00e4hlt und \u00fcberwachen sie auch.\n\n(4) Wenn eine Speicherdauer nicht explizit festgelegt ist und sich auch nicht explizit aus gesetzlichen Bestimmungen ergibt, werden wir zur Bestimmung der jeweils angemessenen Speicherdauer folgende Kriterien ber\u00fccksichtigen:\n\nArt, Umfang und Vertraulichkeit der gespeicherten Daten;\ndas potenzielle Risiko, dass Sie durch unbefugte Nutzung oder Offenlegung Ihrer Daten Nachteile erleiden;\ndie Zwecke, f\u00fcr die wir Ihre Daten verarbeiten (und ob wir diese Zwecke auf andere Weise erreichen k\u00f6nnen);\nalle einschl\u00e4gigen gesetzlichen Regelungen und Anforderungen.\n(5) In keinem Fall werden Ihre Daten f\u00fcr werbliche Zwecke verwendet.\n<span style=\"color: #ffffff;\">.<\/span>\n<h4>2. VERARBEITUNG PERSONEN\u00adBEZOGENER DATEN BEIM BESUCH UNSERER WEBSITE\n<span style=\"color: #ffffff;\">.<\/span><\/h4>\n(1) Bei der informatorischen Nutzung der Website, also der blo\u00dfen Betrachtung ohne eine Registrierung und ohne dass Sie uns anderweitig Informationen mitteilen, verarbeiten wir die personenbezogenen Daten, die Ihr Browser an unseren Server \u00fcbermittelt. Die nachfolgend beschriebenen Daten sind f\u00fcr uns technisch erforderlich, um Ihnen unsere Website anzuzeigen und deren Stabilit\u00e4t und Sicherheit zu gew\u00e4hrleisten und m\u00fcssen daher von uns verarbeitet werden. Rechtsgrundlage hierf\u00fcr ist Art. 6 Abs. 1 S. 1 lit. f) DS-GVO. Die von Ihrem Browser \u00fcbermittelten Daten sind:\n<ul>\n\t<li>IP-Adresse<\/li>\n\t<li>Datum und Uhrzeit der Anfrage<\/li>\n\t<li>Zeitzonendifferenz zur Greenwich Zeit (GMT)<\/li>\n\t<li>Inhalt der Anforderung (besuchte Seite)<\/li>\n\t<li>Zugriffsstatus\/HTTP-Statuscode<\/li>\n\t<li>jeweils \u00fcbertragene Datenmenge<\/li>\n\t<li>vorher besuchte Seite<\/li>\n\t<li>Browser<\/li>\n\t<li>Sprache und Version der Browsersoftware<\/li>\n<\/ul>\n<span style=\"color: #ffffff;\">.<\/span>\n(2) Sie sind zur Bereitstellung der vorgenannten personenbezogenen Daten weder gesetzlich noch vertraglich verpflichtet. Auch ist die Bereitstellung der vorgenannten personenbezogenen Daten nicht erforderlich, um einen Vertrag mit uns zu schlie\u00dfen. Sollten Sie jedoch versuchen, die Bereitstellung der vorgenannten personenbezogenen Daten durch technische Ma\u00dfnahmen zu umgehen, kann passieren, dass unsere Website nicht richtig angezeigt wird oder Sie unsere Website gar nicht besuchen k\u00f6nnen.\n<span style=\"color: #ffffff;\">.<\/span>\n<h4>3. VERARBEITUNG PERSONEN\u00adBEZOGENER DATEN BEI KONTAKT\u00adAUFNAHME PER MAIL<\/h4>\n(1) Bei Ihrer Kontaktaufnahme mit uns per E-Mail werden die von Ihnen mitgeteilten Daten (Ihre E-Mail-Adresse, ggf. Ihr Name und Ihre Telefonnummer) von uns gespeichert, um Ihre Fragen zu beantworten. Rechtsgrundlage der Verarbeitung ist Art. 6 Abs. 1 S. 1 lit. b) DS-GVO.\n\n(2) Die in diesem Zusammenhang anfallenden Daten l\u00f6schen wir, falls die Anfrage einem Mandatsverh\u00e4ltnis zugeordnet wird oder ein solches in Folge der Kontaktaufnahme entsteht, entsprechend der L\u00f6schfristen, wie sie der Datenschutzerkl\u00e4rung des Mandatsvertrags zu entnehmen sind. Im \u00dcbrigen werden Ihre Daten gel\u00f6scht, nachdem die Speicherung f\u00fcr eine weitere Kommunikation mit Ihnen nicht mehr erforderlich ist. Sollte in einem solchen Fall eine gesetzliche Aufbewahrungspflicht bestehen, schr\u00e4nken wir die Verarbeitung bis zum Ablauf dieser Frist ein.\n\n(3) Sie sind zur Bereitstellung der vorbenannten personenbezogenen Daten weder gesetzlich noch vertraglich verpflichtet (zumindest soweit nicht bereits ein Mandatsverh\u00e4ltnis zwischen Ihnen und uns besteht). Die Bereitstellung der Daten ist jedoch eine notwendige Voraussetzung f\u00fcr die Begr\u00fcndung eines Mandatsverh\u00e4ltnisses mit uns. Wenn Sie die erforderlichen Daten nicht bereitstellen, k\u00f6nnen wir Ihre rechtlichen Anfragen nicht bearbeiten. Dies kann zum Verlust von Anspr\u00fcchen oder anderen Rechtspositionen f\u00fchren, je nach Art Ihres Anliegens.\n<span style=\"color: #ffffff;\">.<\/span>\n<h4>4. WEITERGABE AN DRITTE<\/h4>\n(1) Ihre bei der Nutzung unserer Website anfallenden personenbezogenen Daten werden nicht an Dritte weitergegeben und nicht ins Ausland \u00fcbertragen.\n\n(2) Sollte eine Kontaktaufnahme per E-Mail einem Mandatsverh\u00e4ltnis zugeordnet werden oder ein solches begr\u00fcnden, richtet sich die Weitergabe Ihrer personenbezogenen Daten an Dritte und die \u00dcbertragung Ihrer Personenbezogenen Daten ins Ausland nach der Datenschutzerkl\u00e4rung des Mandatsvertrags. Im \u00dcbrigen erfolgt keine Weitergabe an Dritte.\n<span style=\"color: #ffffff;\">.<\/span>\n<h4>5. VERARBEITUNG VON DATEN IN IHREN END\u00adGER\u00c4TEN (\u201eCOOKIE RICHT\u00adLINIE\u201c)<\/h4>\n(1) Zus\u00e4tzlich zu den oben genannten Daten verwenden wir bei Ihrer Nutzung unserer Website technische Hilfsmittel f\u00fcr verschiedene Funktionen, insbesondere Cookies, die auf Ihrem Endger\u00e4t gespeichert werden k\u00f6nnen. Sie haben bei Aufruf unserer Website und sp\u00e4ter jederzeit die Wahl, ob Sie das Setzen von Cookies generell zulassen oder einzelne zus\u00e4tzliche Funktionen ausw\u00e4hlen m\u00f6chten. \u00c4nderungen k\u00f6nnen Sie in Ihren Browsereinstellungen oder \u00fcber die sich an diese Erkl\u00e4rung anschlie\u00dfenden Cookie-Einstellungenvornehmen.\n\n(2) Cookies sind Textdateien oder Informationen in einer Datenbank, die auf Ihrer Festplatte gespeichert und Ihrem Browser zugeordnet werden, sodass der Stelle, die den Cookie setzt, bestimmte Informationen zuflie\u00dfen k\u00f6nnen. Cookies k\u00f6nnen keine Programme ausf\u00fchren oder Viren auf Ihren Computer \u00fcbertragen, sondern dienen prim\u00e4r dazu, das Internetangebot schneller und nutzerfreundlicher auszugestalten. Diese Website nutzt folgende Arten von Cookies, deren Funktionsweise und Rechtsgrundlage wir nachfolgend erl\u00e4utern werden:\n\nTransiente Cookies: Solche, insbesondere Session-Cookies, werden bei Schlie\u00dfen des Browsers oder durch Ausloggen automatisiert gel\u00f6scht. Sie enthalten eine sog. Session-ID. So lassen sich verschiedene Anfragen Ihres Browsers der gemeinsamen Sitzung zuordnen und Ihr Rechner kann wiedererkannt werden, wenn Sie auf unsere Website zur\u00fcckkehren.\n\nPersistente Cookies: Solche werden automatisiert nach einer vorgegebenen Dauer gel\u00f6scht, die je nach Cookie unterschiedlich festgelegt ist. Sie k\u00f6nnen in den Einstellungen Ihres Browsers die gesetzten Cookies und die Laufzeiten jederzeit einsehen und die Cookies manuell l\u00f6schen.\n\n(3) Der technische Aufbau der Website erfordert es, dass wir Techniken, insbesondere Cookies, nutzen. Anderenfalls k\u00f6nnte unsere Website nicht vollst\u00e4ndig oder korrekt angezeigt werden oder die Support-Funktionen k\u00f6nnten nicht erm\u00f6glicht werden. Dabei handelt es sich grunds\u00e4tzlich um transiente Cookies, die nach Ende Ihres Website-Besuchs, sp\u00e4testens bei Schlie\u00dfen Ihres Browsers, gel\u00f6scht werden. Diese Cookies k\u00f6nnen Sie nicht abw\u00e4hlen, wenn Sie unsere Website nutzen m\u00f6chten. Die einzelnen Cookies sind im Consent-Manager ersichtlich. Rechtsgrundlage dieser Verarbeitung ist \u00a7 25 Abs. 2 Nr. 2 TTDSG.\n\n(4) Verschiedene Cookies setzen wir nur nach Ihrer Einwilligung, die Sie bei Ihrem ersten Besuch unserer Website \u00fcber das sog. Cookie-Consent-Tool ausw\u00e4hlen k\u00f6nnen. Die Funktionen werden nur bei Ihrer Zustimmung aktiviert und gelten nur f\u00fcr die Domain www.rehmann.legal. Die Cookies k\u00f6nnen insbesondere dazu dienen, dass wir die Besuche auf unserer Website analysieren k\u00f6nnen, Ihnen die Bedienung \u00fcber verschiedene Browser oder Endger\u00e4te zu erleichtern oder Sie bei einem Besuch wiederzuerkennen. Rechtsgrundlage dieser Verarbeitung ist \u00a7 25 Abs. 1 TTDSG.\n<span style=\"color: #ffffff;\">.<\/span>\n<h4>6. IHRE RECHTE<\/h4>\n(1) Sie haben gegen\u00fcber der Kanzlei Rehmann folgende Rechte bez\u00fcglich Ihrer personenbezogenen Daten:\n<ul>\n\t<li>Recht auf Auskunft gem. Art. 15 DS-GVO<\/li>\n\t<li>Recht auf Widerspruch gegen die Verarbeitung gem. Art. 21 DS-GVO<\/li>\n\t<li>Recht auf Berichtigung oder L\u00f6schung gem. Art. 16, 17 DS-GVO<\/li>\n\t<li>Recht auf Einschr\u00e4nkung der Verarbeitung gem. Art. 18 DS-GVO<\/li>\n\t<li>Recht auf Daten\u00fcbertragbarkeit gem. Art 20 DS-GVO<\/li>\n\t<li>Recht auf Widerruf Ihrer Einwilligung gem. Art. 7 Abs. 3 DS-GVO<\/li>\n<\/ul>\n(2) Sie haben zudem das Recht, sich bei:\n\nLandesbeauftragte(r) f\u00fcr den Datenschutz Niedersachsen\nPrinzenstra\u00dfe 5\nDE-30159 Hannover\n\nTel.: 0511-120 4500\nFax.: 0511-120 4599\nE-Mail: DSB@lfd.niedersachsen.de\n\n\u00fcber die Verarbeitung Ihrer personenbezogenen Daten durch uns zu beschweren.\n<span style=\"color: #ffffff;\">.<\/span>\n<h4>7. WIDERRUF DER EINWILLIGUNG IN ODER WIDERSPRUCH GEGEN DIE VERARBEITUNG IHRER DATEN<\/h4>\n(1) Ihre Einwilligung zur Verarbeitung Ihrer Daten k\u00f6nnen Sie diese jederzeit widerrufen. Ein solcher Widerruf beeinflusst, nachdem Sie ihn gegen\u00fcber uns ausgesprochen haben, die Zul\u00e4ssigkeit der Verarbeitung Ihrer personenbezogenen Daten. Die Zul\u00e4ssigkeit der Verarbeitung Ihrer Daten vor Ihrem Widerruf bleibt davon unber\u00fchrt.\n\n(2) Soweit wir die Verarbeitung Ihrer personenbezogenen Daten auf Art. 6 Abs. 1 S. 1 lit. f DS-GVO st\u00fctzen, k\u00f6nnen Sie Widerspruch gegen die Verarbeitung einlegen. Bei Aus\u00fcbung eines Widerspruchs bitten wir um Darlegung der Gr\u00fcnde, weshalb wir Ihre personenbezogenen Daten nicht so, wie von uns hier dargelegt, verarbeiten sollen. Im Falle Ihres Widerspruchs pr\u00fcfen wir die Sachlage und werden entweder die Datenverarbeitung einstellen bzw. anpassen oder Ihnen unsere zwingenden schutzw\u00fcrdigen Gr\u00fcnde aufzeigen, aufgrund derer wir die Verarbeitung fortf\u00fchren.\n\n(3) Zur Geltendmachung Ihrer Rechte auf Widerruf und Widerspruch gen\u00fcgt eine E-Mail an: <a href=\"mailto:info@rehmann.legal\">info@rehmann.legal<\/a>\n<span style=\"color: #ffffff;\">.<\/span>\n<h4>8. COOKIE-EINSTELLUNGEN<\/h4>\nDiese Webseite verwendet Cookies. Wir verwenden Cookies, um die Benutzerfreundlichkeit unserer Seite zu verbessern.\n\nCookies sind kleine Textdateien, die von Webseiten verwendet werden, um die Benutzererfahrung effizienter zu gestalten.\n\nLaut Gesetz k\u00f6nnen wir Cookies auf Ihrem Ger\u00e4t speichern, wenn diese f\u00fcr den Betrieb dieser Seite unbedingt notwendig sind. F\u00fcr alle anderen Cookie-Typen ben\u00f6tigen wir Ihre Erlaubnis.\n\nDiese Seite verwendet unterschiedliche Cookie-Typen. Einige Cookies werden von Drittparteien platziert, die auf unseren Seiten erscheinen.\n\nSie k\u00f6nnen Ihre Einwilligung jederzeit von der Cookie-Erkl\u00e4rung auf unserer Website \u00e4ndern oder widerrufen.\n\nErfahren Sie in unserer Datenschutzrichtlinie mehr dar\u00fcber, wer wir sind, wie Sie uns kontaktieren k\u00f6nnen und wie wir personenbezogene Daten verarbeiten.\n\nBitte geben Sie Ihre Einwilligungs-ID und das Datum an, wenn Sie uns bez\u00fcglich Ihrer Einwilligung kontaktieren.\n\nIhre Einwilligung trifft auf die Domain www.rehmann.legal zu.[\/et_pb_text][\/et_pb_column][\/et_pb_row][et_pb_row module_id=&#8221;menue&#8221; _builder_version=&#8221;4.24.2&#8243; _module_preset=&#8221;default&#8221; locked=&#8221;off&#8221; global_colors_info=&#8221;{}&#8221;][et_pb_column type=&#8221;4_4&#8243; _builder_version=&#8221;4.24.2&#8243; _module_preset=&#8221;default&#8221; global_colors_info=&#8221;{}&#8221;][et_pb_menu menu_style=&#8221;centered&#8221; active_link_color=&#8221;#0F598A&#8221; module_id=&#8221;menue&#8221; module_class=&#8221;lwp-hide-mobile-menu&#8221; _builder_version=&#8221;4.24.2&#8243; _module_preset=&#8221;default&#8221; menu_font=&#8221;|||on|||||&#8221; menu_text_color=&#8221;#8da7bf&#8221; menu_font_size=&#8221;24px&#8221; background_enable_color=&#8221;off&#8221; custom_padding=&#8221;||||false|false&#8221; custom_css_free_form=&#8221;a {||  font-weight: 400;||  padding-right: 3vw||}&#8221; global_colors_info=&#8221;{}&#8221;][\/et_pb_menu][\/et_pb_column][\/et_pb_row][\/et_pb_section]\n","protected":false},"excerpt":{"rendered":"<p>PRIVACY POLICY . 1. INFORMATION \u00dcBER DIE ERHEBUNG PERSONEN\u00adBEZOGENER DATEN (1) Nachfolgend informiere ich Sie \u00fcber die Verarbeitung personenbezogener Daten bei Nutzung dieser Website. Personenbezogene Daten sind alle auf Sie pers\u00f6nlich beziehbare Daten, wie beispielsweise Name, Adresse, E-Mail-Adressen, Nutzerverhalten. Dadurch informiere ich Sie \u00fcber unsere Verarbeitungsvorg\u00e4nge, den gesetzlichen Pflichten aus der EU-Datenschutz-Grundverordnung (DS-GVO) und dem [&hellip;]<\/p>\n","protected":false},"author":1,"featured_media":0,"parent":0,"menu_order":80,"comment_status":"closed","ping_status":"closed","template":"","meta":{"_et_pb_use_builder":"on","_et_pb_old_content":"","_et_gb_content_width":"","inline_featured_image":false,"footnotes":""},"class_list":["post-1712","page","type-page","status-publish","hentry"],"yoast_head":"<!-- This site is optimized with the Yoast SEO plugin v27.3 - https:\/\/yoast.com\/product\/yoast-seo-wordpress\/ -->\n<title>Privacy policy - REHMANN.LEGAL<\/title>\n<meta name=\"robots\" content=\"index, follow, max-snippet:-1, max-image-preview:large, max-video-preview:-1\" \/>\n<link rel=\"canonical\" href=\"https:\/\/rehmann.legal\/en\/privacy-policy\" \/>\n<meta property=\"og:locale\" content=\"en_US\" \/>\n<meta property=\"og:type\" content=\"article\" \/>\n<meta property=\"og:title\" content=\"Privacy policy - REHMANN.LEGAL\" \/>\n<meta property=\"og:description\" content=\"PRIVACY POLICY . 1. INFORMATION \u00dcBER DIE ERHEBUNG PERSONEN\u00adBEZOGENER DATEN (1) Nachfolgend informiere ich Sie \u00fcber die Verarbeitung personenbezogener Daten bei Nutzung dieser Website. Personenbezogene Daten sind alle auf Sie pers\u00f6nlich beziehbare Daten, wie beispielsweise Name, Adresse, E-Mail-Adressen, Nutzerverhalten. Dadurch informiere ich Sie \u00fcber unsere Verarbeitungsvorg\u00e4nge, den gesetzlichen Pflichten aus der EU-Datenschutz-Grundverordnung (DS-GVO) und dem [&hellip;]\" \/>\n<meta property=\"og:url\" content=\"https:\/\/rehmann.legal\/en\/privacy-policy\" \/>\n<meta property=\"og:site_name\" content=\"REHMANN.LEGAL\" \/>\n<meta property=\"article:modified_time\" content=\"2024-06-24T16:29:15+00:00\" \/>\n<meta name=\"twitter:card\" content=\"summary_large_image\" \/>\n<meta name=\"twitter:label1\" content=\"Est. reading time\" \/>\n\t<meta name=\"twitter:data1\" content=\"9 minutes\" \/>\n<script type=\"application\/ld+json\" class=\"yoast-schema-graph\">{\"@context\":\"https:\\\/\\\/schema.org\",\"@graph\":[{\"@type\":\"WebPage\",\"@id\":\"https:\\\/\\\/rehmann.legal\\\/en\\\/privacy-policy\",\"url\":\"https:\\\/\\\/rehmann.legal\\\/en\\\/privacy-policy\",\"name\":\"Privacy policy - REHMANN.LEGAL\",\"isPartOf\":{\"@id\":\"https:\\\/\\\/rehmann.legal\\\/#website\"},\"datePublished\":\"2023-03-24T20:13:27+00:00\",\"dateModified\":\"2024-06-24T16:29:15+00:00\",\"breadcrumb\":{\"@id\":\"https:\\\/\\\/rehmann.legal\\\/en\\\/privacy-policy#breadcrumb\"},\"inLanguage\":\"en-US\",\"potentialAction\":[{\"@type\":\"ReadAction\",\"target\":[\"https:\\\/\\\/rehmann.legal\\\/en\\\/privacy-policy\"]}]},{\"@type\":\"BreadcrumbList\",\"@id\":\"https:\\\/\\\/rehmann.legal\\\/en\\\/privacy-policy#breadcrumb\",\"itemListElement\":[{\"@type\":\"ListItem\",\"position\":1,\"name\":\"Startseite\",\"item\":\"https:\\\/\\\/rehmann.legal\\\/en\"},{\"@type\":\"ListItem\",\"position\":2,\"name\":\"Privacy policy\"}]},{\"@type\":\"WebSite\",\"@id\":\"https:\\\/\\\/rehmann.legal\\\/#website\",\"url\":\"https:\\\/\\\/rehmann.legal\\\/\",\"name\":\"REHMANN.LEGAL\",\"description\":\"Ihre Kanzlei f\u00fcr IP-Recht\",\"publisher\":{\"@id\":\"https:\\\/\\\/rehmann.legal\\\/#organization\"},\"potentialAction\":[{\"@type\":\"SearchAction\",\"target\":{\"@type\":\"EntryPoint\",\"urlTemplate\":\"https:\\\/\\\/rehmann.legal\\\/?s={search_term_string}\"},\"query-input\":{\"@type\":\"PropertyValueSpecification\",\"valueRequired\":true,\"valueName\":\"search_term_string\"}}],\"inLanguage\":\"en-US\"},{\"@type\":\"Organization\",\"@id\":\"https:\\\/\\\/rehmann.legal\\\/#organization\",\"name\":\"REHMANN.LEGAL\",\"url\":\"https:\\\/\\\/rehmann.legal\\\/\",\"logo\":{\"@type\":\"ImageObject\",\"inLanguage\":\"en-US\",\"@id\":\"https:\\\/\\\/rehmann.legal\\\/#\\\/schema\\\/logo\\\/image\\\/\",\"url\":\"https:\\\/\\\/rehmann.legal\\\/wp-content\\\/uploads\\\/reh2403_Logo2.jpg\",\"contentUrl\":\"https:\\\/\\\/rehmann.legal\\\/wp-content\\\/uploads\\\/reh2403_Logo2.jpg\",\"width\":910,\"height\":375,\"caption\":\"REHMANN.LEGAL\"},\"image\":{\"@id\":\"https:\\\/\\\/rehmann.legal\\\/#\\\/schema\\\/logo\\\/image\\\/\"},\"sameAs\":[\"https:\\\/\\\/www.xing.com\\\/profile\\\/Thorsten_Rehmann\",\"https:\\\/\\\/www.linkedin.com\\\/in\\\/thorsten-rehmann-a68574117\\\/\"]}]}<\/script>\n<!-- \/ Yoast SEO plugin. -->","yoast_head_json":{"title":"Privacy policy - REHMANN.LEGAL","robots":{"index":"index","follow":"follow","max-snippet":"max-snippet:-1","max-image-preview":"max-image-preview:large","max-video-preview":"max-video-preview:-1"},"canonical":"https:\/\/rehmann.legal\/en\/privacy-policy","og_locale":"en_US","og_type":"article","og_title":"Privacy policy - REHMANN.LEGAL","og_description":"PRIVACY POLICY . 1. INFORMATION \u00dcBER DIE ERHEBUNG PERSONEN\u00adBEZOGENER DATEN (1) Nachfolgend informiere ich Sie \u00fcber die Verarbeitung personenbezogener Daten bei Nutzung dieser Website. Personenbezogene Daten sind alle auf Sie pers\u00f6nlich beziehbare Daten, wie beispielsweise Name, Adresse, E-Mail-Adressen, Nutzerverhalten. Dadurch informiere ich Sie \u00fcber unsere Verarbeitungsvorg\u00e4nge, den gesetzlichen Pflichten aus der EU-Datenschutz-Grundverordnung (DS-GVO) und dem [&hellip;]","og_url":"https:\/\/rehmann.legal\/en\/privacy-policy","og_site_name":"REHMANN.LEGAL","article_modified_time":"2024-06-24T16:29:15+00:00","twitter_card":"summary_large_image","twitter_misc":{"Est. reading time":"9 minutes"},"schema":{"@context":"https:\/\/schema.org","@graph":[{"@type":"WebPage","@id":"https:\/\/rehmann.legal\/en\/privacy-policy","url":"https:\/\/rehmann.legal\/en\/privacy-policy","name":"Privacy policy - REHMANN.LEGAL","isPartOf":{"@id":"https:\/\/rehmann.legal\/#website"},"datePublished":"2023-03-24T20:13:27+00:00","dateModified":"2024-06-24T16:29:15+00:00","breadcrumb":{"@id":"https:\/\/rehmann.legal\/en\/privacy-policy#breadcrumb"},"inLanguage":"en-US","potentialAction":[{"@type":"ReadAction","target":["https:\/\/rehmann.legal\/en\/privacy-policy"]}]},{"@type":"BreadcrumbList","@id":"https:\/\/rehmann.legal\/en\/privacy-policy#breadcrumb","itemListElement":[{"@type":"ListItem","position":1,"name":"Startseite","item":"https:\/\/rehmann.legal\/en"},{"@type":"ListItem","position":2,"name":"Privacy policy"}]},{"@type":"WebSite","@id":"https:\/\/rehmann.legal\/#website","url":"https:\/\/rehmann.legal\/","name":"REHMANN.LEGAL","description":"Ihre Kanzlei f\u00fcr IP-Recht","publisher":{"@id":"https:\/\/rehmann.legal\/#organization"},"potentialAction":[{"@type":"SearchAction","target":{"@type":"EntryPoint","urlTemplate":"https:\/\/rehmann.legal\/?s={search_term_string}"},"query-input":{"@type":"PropertyValueSpecification","valueRequired":true,"valueName":"search_term_string"}}],"inLanguage":"en-US"},{"@type":"Organization","@id":"https:\/\/rehmann.legal\/#organization","name":"REHMANN.LEGAL","url":"https:\/\/rehmann.legal\/","logo":{"@type":"ImageObject","inLanguage":"en-US","@id":"https:\/\/rehmann.legal\/#\/schema\/logo\/image\/","url":"https:\/\/rehmann.legal\/wp-content\/uploads\/reh2403_Logo2.jpg","contentUrl":"https:\/\/rehmann.legal\/wp-content\/uploads\/reh2403_Logo2.jpg","width":910,"height":375,"caption":"REHMANN.LEGAL"},"image":{"@id":"https:\/\/rehmann.legal\/#\/schema\/logo\/image\/"},"sameAs":["https:\/\/www.xing.com\/profile\/Thorsten_Rehmann","https:\/\/www.linkedin.com\/in\/thorsten-rehmann-a68574117\/"]}]}},"_links":{"self":[{"href":"https:\/\/rehmann.legal\/en\/wp-json\/wp\/v2\/pages\/1712","targetHints":{"allow":["GET"]}}],"collection":[{"href":"https:\/\/rehmann.legal\/en\/wp-json\/wp\/v2\/pages"}],"about":[{"href":"https:\/\/rehmann.legal\/en\/wp-json\/wp\/v2\/types\/page"}],"author":[{"embeddable":true,"href":"https:\/\/rehmann.legal\/en\/wp-json\/wp\/v2\/users\/1"}],"replies":[{"embeddable":true,"href":"https:\/\/rehmann.legal\/en\/wp-json\/wp\/v2\/comments?post=1712"}],"version-history":[{"count":5,"href":"https:\/\/rehmann.legal\/en\/wp-json\/wp\/v2\/pages\/1712\/revisions"}],"predecessor-version":[{"id":2384,"href":"https:\/\/rehmann.legal\/en\/wp-json\/wp\/v2\/pages\/1712\/revisions\/2384"}],"wp:attachment":[{"href":"https:\/\/rehmann.legal\/en\/wp-json\/wp\/v2\/media?parent=1712"}],"curies":[{"name":"wp","href":"https:\/\/api.w.org\/{rel}","templated":true}]}}