{"id":1709,"date":"2024-03-10T17:21:52","date_gmt":"2024-03-10T17:21:52","guid":{"rendered":"https:\/\/rehmannlegal.live-website.com\/publications"},"modified":"2024-12-17T12:44:54","modified_gmt":"2024-12-17T12:44:54","slug":"publications","status":"publish","type":"page","link":"https:\/\/rehmann.legal\/en\/publications","title":{"rendered":"Publications"},"content":{"rendered":"\n[et_pb_section fb_built=&#8221;1&#8243; admin_label=&#8221;Zeile 1&#8243; _builder_version=&#8221;4.24.2&#8243; _module_preset=&#8221;default&#8221; background_color=&#8221;#FFFFFF&#8221; custom_margin=&#8221;||||false|false&#8221; custom_margin_tablet=&#8221;||||false|false&#8221; custom_margin_phone=&#8221;||||false|false&#8221; custom_margin_last_edited=&#8221;off|desktop&#8221; custom_padding=&#8221;||||false|false&#8221; scroll_fade=&#8221;12|50|50|88|0|100|100&#8243; locked=&#8221;off&#8221; global_colors_info=&#8221;{}&#8221;][et_pb_row custom_padding_last_edited=&#8221;on|tablet&#8221; admin_label=&#8221;Inhalte 1&#8243; _builder_version=&#8221;4.24.2&#8243; _module_preset=&#8221;default&#8221; background_color=&#8221;#FFFFFF&#8221; width=&#8221;100%&#8221; max_width=&#8221;2560px&#8221; module_alignment=&#8221;center&#8221; custom_margin=&#8221;2vw||||false|false&#8221; custom_padding=&#8221;||30px||false|false&#8221; custom_padding_tablet=&#8221;||||false|false&#8221; custom_padding_phone=&#8221;||||false|false&#8221; scroll_fade_enable=&#8221;on&#8221; scroll_fade=&#8221;15|50|50|100|0|100|100&#8243; motion_trigger_start=&#8221;top&#8221; global_colors_info=&#8221;{}&#8221;][et_pb_column type=&#8221;4_4&#8243; _builder_version=&#8221;4.24.2&#8243; _module_preset=&#8221;default&#8221; global_colors_info=&#8221;{}&#8221;][et_pb_text content_tablet=&#8221;&#8221; content_phone=&#8221;&#8221; content_last_edited=&#8221;on|phone&#8221; _builder_version=&#8221;4.24.2&#8243; _module_preset=&#8221;default&#8221; text_text_color=&#8221;#000000&#8243; header_text_color=&#8221;#0f598a&#8221; z_index=&#8221;100&#8243; text_orientation=&#8221;right&#8221; width=&#8221;80%&#8221; width_tablet=&#8221;81%&#8221; width_phone=&#8221;80%&#8221; width_last_edited=&#8221;on|desktop&#8221; max_width=&#8221;1080%&#8221; module_alignment=&#8221;center&#8221; custom_padding=&#8221;||||false|false&#8221; custom_padding_tablet=&#8221;||||false|false&#8221; custom_padding_phone=&#8221;||||false|false&#8221; custom_padding_last_edited=&#8221;on|phone&#8221; global_colors_info=&#8221;{}&#8221;]<h1 style=\"font-weight: 300;\">Publications<\/h1>[\/et_pb_text][et_pb_divider show_divider=&#8221;off&#8221; _builder_version=&#8221;4.24.2&#8243; _module_preset=&#8221;default&#8221; background_color=&#8221;#FFFFFF&#8221; background_image=&#8221;https:\/\/rehmannlegal.live-website.com\/wp-content\/uploads\/reh_71_Gericht.jpg&#8221; parallax=&#8221;on&#8221; width=&#8221;80%&#8221; width_tablet=&#8221;81%&#8221; width_phone=&#8221;100%&#8221; width_last_edited=&#8221;on|phone&#8221; max_width=&#8221;1080%&#8221; module_alignment=&#8221;center&#8221; min_height=&#8221;450px&#8221; min_height_tablet=&#8221;325px&#8221; min_height_phone=&#8221;200px&#8221; min_height_last_edited=&#8221;on|tablet&#8221; max_height=&#8221;30vw&#8221; custom_margin=&#8221;|80px|60px|80px|false|false&#8221; custom_margin_tablet=&#8221;&#8221; custom_margin_phone=&#8221;|0px||0px|false|false&#8221; custom_margin_last_edited=&#8221;on|phone&#8221; locked=&#8221;off&#8221; global_colors_info=&#8221;{}&#8221;][\/et_pb_divider][et_pb_text _builder_version=&#8221;4.24.2&#8243; _module_preset=&#8221;default&#8221; text_text_color=&#8221;#000000&#8243; header_text_color=&#8221;#0f598a&#8221; width=&#8221;80%&#8221; width_tablet=&#8221;81%&#8221; width_phone=&#8221;80%&#8221; width_last_edited=&#8221;on|desktop&#8221; max_width=&#8221;1080%&#8221; module_alignment=&#8221;center&#8221; custom_margin=&#8221;||60px||false|false&#8221; custom_padding=&#8221;||||false|false&#8221; custom_padding_tablet=&#8221;||||false|false&#8221; custom_padding_phone=&#8221;||||false|false&#8221; custom_padding_last_edited=&#8221;on|phone&#8221; global_colors_info=&#8221;{}&#8221;]<h2>schwarz auf weiss<\/h2>\n<ul>\n<li>Rehmann: <span>\u201eLG M\u00fcnchen I: Erfolgloser Zwangslizenzeinwand bei fehlender Lizenzwilligkeit\u201c, GRUR-Prax 2024, 716<\/span><\/li>\n<li>Rehmann: <span>\u201eNeues vom Einheitspatent\u201c, Zeitschrift der IHK Braunschweig 9\/2024, 43<\/span><\/li>\n<li>Rehmann: \u201eJestaedt\/Fink\/Meiser: Designgesetz, Gemeinschaftsgeschmacksmusterverordnung: DesignG, GGV\u201c, Rezension, Mitt. 2023, 576<\/li>\n<li>Rehmann \/ Bennett: \u201eStellungnahme zur geplanten Designrechtsreform der Europ\u00e4ischen Kommission\u201c, KRS 2023, 18<\/li>\n<li>Rehmann: \u201eJohanna Busmann, Chefsache Anwaltscoaching\u201c, Rezension, Mitt. 2022, 144<\/li>\n<li>Rehmann: \u201eEuG: Nichtigkeit eines Gemeinschaftsgeschmacksmusters wegen ausschlie\u00dflich technisch bedingter Merkmale\u201c, GRUR-Prax 2021, 25<\/li>\n<li>Rehmann \/ Keussen: \u201eQuestionnaire: Timing of the Publication of an International Registration under the Hague System for International Registration of Industrial Designs\u201c, KRS 2020, 194<\/li>\n<li>Rehmann: \u201eKeine Offenkundigkeit allein durch Lieferung und Inbetriebnahme einer Anlage\u201c, GRUR-Prax 2020, 371<\/li>\n<li>Rehmann: \u201eEUIPO: Eigenart einer Verpackung mit sichtbarem Inhalt\u201c, GRUR-Prax 2019, 384<\/li>\n<li>Rehmann \/ Keussen: \u201ePublic Consultation Evaluation of EU legislation on design protection\u201c, KRS 2019, 107<\/li>\n<li>Rehmann \/ Keussen: \u201eStellungnahme zum Referentenentwurf eines Gesetzes zur St\u00e4rkung des fairen Wettbewerbs\u201c, KRS 2018, 192<\/li>\n<li>Rehmann: \u201eBGH: Zur Frage der Ber\u00fchmung im selbstst\u00e4ndigen Beweisverfahren\u201c, GRUR-Prax 2018, 586<\/li>\n<li>Rehmann: \u201eOLG Karlsruhe: Ersch\u00f6pfung bei Ersatzbedarf\u201c, GRUR-Prax 2016, 198<\/li>\n<li>Rehmann: \u201eEingetragenes Gebrauchsmuster f\u00fcr einstweiliges Verf\u00fcgungsverfahren tauglich\u201c, GRUR-Prax 2015, 60<\/li>\n<li>Rehmann \/ Keussen: \u201eStellungnahme zu dem Referentenentwurf des Designgesetzes und weiterer Vorschriften des gewerblichen Rechtsschutzes\u201c, KRS 2015, 166<\/li>\n<li>Rehmann: \u201eDesignrecht\u201c 2. Auflage, Verlag C.H. Beck, 2014<\/li>\n<li>Rehmann: \u201eDie negative Feststellungsklage im Patentverletzungsprozess\u201c, Masterarbeit, Fernuniversit\u00e4t in Hagen, 2013<\/li>\n<li>Rehmann: \u201eDas Geschmacksmustergesetz wird modernisiert, GRUR-Prax 2013, 215<\/li>\n<li>Rehmann: \u201eOLG D\u00fcsseldorf: Strenge Anforderungen an Erlass einer einstweiligen Verf\u00fcgung wegen Gebrauchsmusterverletzung\u201c, GRUR-Prax 2012, 222<\/li>\n<li>Rehmann \/ Keussen: \u201eStellungnahme zum Vorschlag f\u00fcr eine \u00c4nderung des Geschmacksmustergesetzes\u201c, KRS 2011, 214<\/li>\n<li>Rehmann: \u201eOLG D\u00fcsseldorf: Keine Kostenerstattung f\u00fcr aus dem Ausland anreisende Vertreter einer in Deutschland ans\u00e4ssigen Beklagten&#8230;\u201c, GRUR-Prax 2011, 81<\/li>\n<li>Rehmann: \u201eBPatG: Antrag auf Streitwertherabsetzung auch nach Urteil zul\u00e4ssig\u201c, GRUR-Prax 2010, 441<\/li>\n<li>Rehmann; \u00a7 7 in: Eichmann\/Kur (Hrsg.) \u201eDesignrecht\u201c 2. Auflage, Nomos Verlag 2015<\/li>\n<li>Rehmann: \u201eGeschmacksmusterrecht\u201c, Verlag C.H. Beck 2004<\/li>\n<li>Rehmann \/ Keussen: \u201eStellungnahme zum Vorschlag der EU-Kommission f\u00fcr eine Verordnung zur Durchf\u00fchrung der Verordnung \u00fcber das Gemeinschaftsgeschmackmuster vom 27.03.2002\u201c, KRS 2003, 63<\/li>\n<li>Rehmann \/ Dreiss: \u201eStellungnahme zum Referentenentwurf f\u00fcr ein Geschmacksmusterreformgesetz zum 12.06.2002\u201c, KRS 2002, 141<\/li>\n<li>H. Rehmann \/ Th. Rehmann: \u201eAblauf des Verfahrens vor der International Trade Commision in den USA\u201c, Aspekte des gewerblichen Rechtsschutzes, 1986, 197<\/li>\n<\/ul>[\/et_pb_text][et_pb_divider show_divider=&#8221;off&#8221; _builder_version=&#8221;4.24.2&#8243; _module_preset=&#8221;default&#8221; background_color=&#8221;#FFFFFF&#8221; background_image=&#8221;https:\/\/rehmannlegal.live-website.com\/wp-content\/uploads\/reh_30_Richter.jpg&#8221; parallax=&#8221;on&#8221; width=&#8221;80%&#8221; width_tablet=&#8221;81%&#8221; width_phone=&#8221;100%&#8221; width_last_edited=&#8221;on|phone&#8221; max_width=&#8221;1080%&#8221; module_alignment=&#8221;center&#8221; min_height=&#8221;450px&#8221; min_height_tablet=&#8221;325px&#8221; min_height_phone=&#8221;200px&#8221; min_height_last_edited=&#8221;on|tablet&#8221; max_height=&#8221;30vw&#8221; custom_margin=&#8221;|80px|30px|80px|false|false&#8221; custom_margin_tablet=&#8221;&#8221; custom_margin_phone=&#8221;|0px||0px|false|false&#8221; custom_margin_last_edited=&#8221;on|phone&#8221; locked=&#8221;off&#8221; global_colors_info=&#8221;{}&#8221;][\/et_pb_divider][\/et_pb_column][\/et_pb_row][et_pb_row column_structure=&#8221;1_5,1_5,1_5,1_5,1_5&#8243; use_custom_gutter=&#8221;on&#8221; gutter_width=&#8221;1&#8243; admin_label=&#8221;Men\u00fczeile&#8221; module_id=&#8221;menue&#8221; _builder_version=&#8221;4.24.2&#8243; _module_preset=&#8221;default&#8221; z_index=&#8221;600&#8243; width=&#8221;100%&#8221; max_width=&#8221;1140px&#8221; module_alignment=&#8221;center&#8221; custom_margin=&#8221;29px|auto||auto|false|false&#8221; custom_margin_tablet=&#8221;100px||||false|false&#8221; custom_margin_phone=&#8221;100px||||false|false&#8221; custom_margin_last_edited=&#8221;on|phone&#8221; custom_padding=&#8221;|0px||0px|false|false&#8221; animation_direction=&#8221;bottom&#8221; locked=&#8221;off&#8221; global_colors_info=&#8221;{}&#8221;][et_pb_column type=&#8221;1_5&#8243; _builder_version=&#8221;4.24.2&#8243; _module_preset=&#8221;default&#8221; custom_padding=&#8221;||60px||false|false&#8221; global_colors_info=&#8221;{}&#8221;][et_pb_text _builder_version=&#8221;4.24.2&#8243; _module_preset=&#8221;default&#8221; text_font=&#8221;|300||on|||||&#8221; text_text_color=&#8221;#8da7bf&#8221; text_font_size=&#8221;36px&#8221; text_letter_spacing=&#8221;1px&#8221; text_orientation=&#8221;center&#8221; link_option_url=&#8221;\/start&#8221; text_font_size_tablet=&#8221;24px&#8221; text_font_size_phone=&#8221;&#8221; text_font_size_last_edited=&#8221;on|desktop&#8221; global_colors_info=&#8221;{}&#8221; text_text_color__hover_enabled=&#8221;on|hover&#8221; text_text_color__hover=&#8221;#0F598A&#8221;]<p style=\"font-weight: 400;\">Start<\/p>[\/et_pb_text][\/et_pb_column][et_pb_column type=&#8221;1_5&#8243; _builder_version=&#8221;4.24.2&#8243; _module_preset=&#8221;default&#8221; custom_padding=&#8221;||60px||false|false&#8221; global_colors_info=&#8221;{}&#8221;][et_pb_text _builder_version=&#8221;4.24.2&#8243; _module_preset=&#8221;default&#8221; text_font=&#8221;|300||on|||||&#8221; text_text_color=&#8221;#8da7bf&#8221; text_font_size=&#8221;36px&#8221; text_letter_spacing=&#8221;1px&#8221; text_orientation=&#8221;center&#8221; link_option_url=&#8221;\/profil&#8221; text_font_size_tablet=&#8221;24px&#8221; text_font_size_phone=&#8221;&#8221; text_font_size_last_edited=&#8221;on|desktop&#8221; global_colors_info=&#8221;{}&#8221; text_text_color__hover_enabled=&#8221;on|hover&#8221; text_text_color__hover=&#8221;#0F598A&#8221;]<p style=\"font-weight: 400;\">Profile<\/p>[\/et_pb_text][\/et_pb_column][et_pb_column type=&#8221;1_5&#8243; _builder_version=&#8221;4.24.2&#8243; _module_preset=&#8221;default&#8221; custom_padding=&#8221;||60px||false|false&#8221; global_colors_info=&#8221;{}&#8221;][et_pb_text _builder_version=&#8221;4.24.2&#8243; _module_preset=&#8221;default&#8221; text_font=&#8221;|300||on|||||&#8221; text_text_color=&#8221;#8da7bf&#8221; text_font_size=&#8221;36px&#8221; text_letter_spacing=&#8221;1px&#8221; text_orientation=&#8221;center&#8221; link_option_url=&#8221;\/kanzlei&#8221; text_font_size_tablet=&#8221;24px&#8221; text_font_size_phone=&#8221;&#8221; text_font_size_last_edited=&#8221;on|desktop&#8221; global_colors_info=&#8221;{}&#8221; text_text_color__hover_enabled=&#8221;on|hover&#8221; text_text_color__hover=&#8221;#0F598A&#8221;]<p style=\"font-weight: 400;\">Law firm<\/p>[\/et_pb_text][\/et_pb_column][et_pb_column type=&#8221;1_5&#8243; _builder_version=&#8221;4.24.2&#8243; _module_preset=&#8221;default&#8221; custom_padding=&#8221;||60px||false|false&#8221; global_colors_info=&#8221;{}&#8221;][et_pb_text _builder_version=&#8221;4.24.2&#8243; _module_preset=&#8221;default&#8221; text_font=&#8221;|300||on|||||&#8221; text_text_color=&#8221;#0F598A&#8221; text_font_size=&#8221;36px&#8221; text_letter_spacing=&#8221;1px&#8221; text_orientation=&#8221;center&#8221; link_option_url=&#8221;\/publikationen&#8221; text_font_size_tablet=&#8221;24px&#8221; text_font_size_phone=&#8221;&#8221; text_font_size_last_edited=&#8221;on|desktop&#8221; global_colors_info=&#8221;{}&#8221; text_text_color__hover_enabled=&#8221;on|desktop&#8221; text_text_color__hover=&#8221;#A0BDD7&#8243;]<p style=\"font-weight: 400;\">Publika\u00adtionen<\/p>[\/et_pb_text][\/et_pb_column][et_pb_column type=&#8221;1_5&#8243; _builder_version=&#8221;4.24.2&#8243; _module_preset=&#8221;default&#8221; custom_padding=&#8221;||60px||false|false&#8221; global_colors_info=&#8221;{}&#8221;][et_pb_text _builder_version=&#8221;4.24.2&#8243; _module_preset=&#8221;default&#8221; text_font=&#8221;|300||on|||||&#8221; text_text_color=&#8221;#8da7bf&#8221; text_font_size=&#8221;36px&#8221; text_letter_spacing=&#8221;1px&#8221; text_orientation=&#8221;center&#8221; link_option_url=&#8221;\/kontakt&#8221; text_font_size_tablet=&#8221;24px&#8221; text_font_size_phone=&#8221;&#8221; text_font_size_last_edited=&#8221;on|desktop&#8221; global_colors_info=&#8221;{}&#8221; text_text_color__hover_enabled=&#8221;on|hover&#8221; text_text_color__hover=&#8221;#0F598A&#8221;]<p style=\"font-weight: 400;\">Kontakt<\/p>[\/et_pb_text][\/et_pb_column][\/et_pb_row][\/et_pb_section]\n","protected":false},"excerpt":{"rendered":"<p>Publicationsschwarz auf weiss Rehmann: \u201eLG M\u00fcnchen I: Erfolgloser Zwangslizenzeinwand bei fehlender Lizenzwilligkeit\u201c, GRUR-Prax 2024, 716 Rehmann: \u201eNeues vom Einheitspatent\u201c, Zeitschrift der IHK Braunschweig 9\/2024, 43 Rehmann: \u201eJestaedt\/Fink\/Meiser: Designgesetz, Gemeinschaftsgeschmacksmusterverordnung: DesignG, GGV\u201c, Rezension, Mitt. 2023, 576 Rehmann \/ Bennett: \u201eStellungnahme zur geplanten Designrechtsreform der Europ\u00e4ischen Kommission\u201c, KRS 2023, 18 Rehmann: \u201eJohanna Busmann, Chefsache Anwaltscoaching\u201c, Rezension, Mitt. [&hellip;]<\/p>\n","protected":false},"author":1,"featured_media":0,"parent":0,"menu_order":12,"comment_status":"closed","ping_status":"closed","template":"","meta":{"_et_pb_use_builder":"on","_et_pb_old_content":"","_et_gb_content_width":"","inline_featured_image":false,"footnotes":""},"class_list":["post-1709","page","type-page","status-publish","hentry"],"yoast_head":"<!-- This site is optimized with the Yoast SEO plugin v27.3 - https:\/\/yoast.com\/product\/yoast-seo-wordpress\/ -->\n<title>Publications - REHMANN.LEGAL<\/title>\n<meta name=\"robots\" content=\"index, follow, max-snippet:-1, max-image-preview:large, max-video-preview:-1\" \/>\n<link rel=\"canonical\" href=\"https:\/\/rehmann.legal\/en\/publications\" \/>\n<meta property=\"og:locale\" content=\"en_US\" \/>\n<meta property=\"og:type\" content=\"article\" \/>\n<meta property=\"og:title\" content=\"Publications - REHMANN.LEGAL\" \/>\n<meta property=\"og:description\" content=\"Publicationsschwarz auf weiss Rehmann: \u201eLG M\u00fcnchen I: Erfolgloser Zwangslizenzeinwand bei fehlender Lizenzwilligkeit\u201c, GRUR-Prax 2024, 716 Rehmann: \u201eNeues vom Einheitspatent\u201c, Zeitschrift der IHK Braunschweig 9\/2024, 43 Rehmann: \u201eJestaedt\/Fink\/Meiser: Designgesetz, Gemeinschaftsgeschmacksmusterverordnung: DesignG, GGV\u201c, Rezension, Mitt. 2023, 576 Rehmann \/ Bennett: \u201eStellungnahme zur geplanten Designrechtsreform der Europ\u00e4ischen Kommission\u201c, KRS 2023, 18 Rehmann: \u201eJohanna Busmann, Chefsache Anwaltscoaching\u201c, Rezension, Mitt. [&hellip;]\" \/>\n<meta property=\"og:url\" content=\"https:\/\/rehmann.legal\/en\/publications\" \/>\n<meta property=\"og:site_name\" content=\"REHMANN.LEGAL\" \/>\n<meta property=\"article:modified_time\" content=\"2024-12-17T12:44:54+00:00\" \/>\n<meta name=\"twitter:card\" content=\"summary_large_image\" \/>\n<meta name=\"twitter:label1\" content=\"Est. reading time\" \/>\n\t<meta name=\"twitter:data1\" content=\"3 minutes\" \/>\n<script type=\"application\/ld+json\" class=\"yoast-schema-graph\">{\"@context\":\"https:\\\/\\\/schema.org\",\"@graph\":[{\"@type\":\"WebPage\",\"@id\":\"https:\\\/\\\/rehmann.legal\\\/en\\\/publications\",\"url\":\"https:\\\/\\\/rehmann.legal\\\/en\\\/publications\",\"name\":\"Publications - REHMANN.LEGAL\",\"isPartOf\":{\"@id\":\"https:\\\/\\\/rehmann.legal\\\/#website\"},\"datePublished\":\"2024-03-10T17:21:52+00:00\",\"dateModified\":\"2024-12-17T12:44:54+00:00\",\"breadcrumb\":{\"@id\":\"https:\\\/\\\/rehmann.legal\\\/en\\\/publications#breadcrumb\"},\"inLanguage\":\"en-US\",\"potentialAction\":[{\"@type\":\"ReadAction\",\"target\":[\"https:\\\/\\\/rehmann.legal\\\/en\\\/publications\"]}]},{\"@type\":\"BreadcrumbList\",\"@id\":\"https:\\\/\\\/rehmann.legal\\\/en\\\/publications#breadcrumb\",\"itemListElement\":[{\"@type\":\"ListItem\",\"position\":1,\"name\":\"Startseite\",\"item\":\"https:\\\/\\\/rehmann.legal\\\/en\"},{\"@type\":\"ListItem\",\"position\":2,\"name\":\"Publications\"}]},{\"@type\":\"WebSite\",\"@id\":\"https:\\\/\\\/rehmann.legal\\\/#website\",\"url\":\"https:\\\/\\\/rehmann.legal\\\/\",\"name\":\"REHMANN.LEGAL\",\"description\":\"Ihre Kanzlei f\u00fcr IP-Recht\",\"publisher\":{\"@id\":\"https:\\\/\\\/rehmann.legal\\\/#organization\"},\"potentialAction\":[{\"@type\":\"SearchAction\",\"target\":{\"@type\":\"EntryPoint\",\"urlTemplate\":\"https:\\\/\\\/rehmann.legal\\\/?s={search_term_string}\"},\"query-input\":{\"@type\":\"PropertyValueSpecification\",\"valueRequired\":true,\"valueName\":\"search_term_string\"}}],\"inLanguage\":\"en-US\"},{\"@type\":\"Organization\",\"@id\":\"https:\\\/\\\/rehmann.legal\\\/#organization\",\"name\":\"REHMANN.LEGAL\",\"url\":\"https:\\\/\\\/rehmann.legal\\\/\",\"logo\":{\"@type\":\"ImageObject\",\"inLanguage\":\"en-US\",\"@id\":\"https:\\\/\\\/rehmann.legal\\\/#\\\/schema\\\/logo\\\/image\\\/\",\"url\":\"https:\\\/\\\/rehmann.legal\\\/wp-content\\\/uploads\\\/reh2403_Logo2.jpg\",\"contentUrl\":\"https:\\\/\\\/rehmann.legal\\\/wp-content\\\/uploads\\\/reh2403_Logo2.jpg\",\"width\":910,\"height\":375,\"caption\":\"REHMANN.LEGAL\"},\"image\":{\"@id\":\"https:\\\/\\\/rehmann.legal\\\/#\\\/schema\\\/logo\\\/image\\\/\"},\"sameAs\":[\"https:\\\/\\\/www.xing.com\\\/profile\\\/Thorsten_Rehmann\",\"https:\\\/\\\/www.linkedin.com\\\/in\\\/thorsten-rehmann-a68574117\\\/\"]}]}<\/script>\n<!-- \/ Yoast SEO plugin. -->","yoast_head_json":{"title":"Publications - REHMANN.LEGAL","robots":{"index":"index","follow":"follow","max-snippet":"max-snippet:-1","max-image-preview":"max-image-preview:large","max-video-preview":"max-video-preview:-1"},"canonical":"https:\/\/rehmann.legal\/en\/publications","og_locale":"en_US","og_type":"article","og_title":"Publications - REHMANN.LEGAL","og_description":"Publicationsschwarz auf weiss Rehmann: \u201eLG M\u00fcnchen I: Erfolgloser Zwangslizenzeinwand bei fehlender Lizenzwilligkeit\u201c, GRUR-Prax 2024, 716 Rehmann: \u201eNeues vom Einheitspatent\u201c, Zeitschrift der IHK Braunschweig 9\/2024, 43 Rehmann: \u201eJestaedt\/Fink\/Meiser: Designgesetz, Gemeinschaftsgeschmacksmusterverordnung: DesignG, GGV\u201c, Rezension, Mitt. 2023, 576 Rehmann \/ Bennett: \u201eStellungnahme zur geplanten Designrechtsreform der Europ\u00e4ischen Kommission\u201c, KRS 2023, 18 Rehmann: \u201eJohanna Busmann, Chefsache Anwaltscoaching\u201c, Rezension, Mitt. [&hellip;]","og_url":"https:\/\/rehmann.legal\/en\/publications","og_site_name":"REHMANN.LEGAL","article_modified_time":"2024-12-17T12:44:54+00:00","twitter_card":"summary_large_image","twitter_misc":{"Est. reading time":"3 minutes"},"schema":{"@context":"https:\/\/schema.org","@graph":[{"@type":"WebPage","@id":"https:\/\/rehmann.legal\/en\/publications","url":"https:\/\/rehmann.legal\/en\/publications","name":"Publications - REHMANN.LEGAL","isPartOf":{"@id":"https:\/\/rehmann.legal\/#website"},"datePublished":"2024-03-10T17:21:52+00:00","dateModified":"2024-12-17T12:44:54+00:00","breadcrumb":{"@id":"https:\/\/rehmann.legal\/en\/publications#breadcrumb"},"inLanguage":"en-US","potentialAction":[{"@type":"ReadAction","target":["https:\/\/rehmann.legal\/en\/publications"]}]},{"@type":"BreadcrumbList","@id":"https:\/\/rehmann.legal\/en\/publications#breadcrumb","itemListElement":[{"@type":"ListItem","position":1,"name":"Startseite","item":"https:\/\/rehmann.legal\/en"},{"@type":"ListItem","position":2,"name":"Publications"}]},{"@type":"WebSite","@id":"https:\/\/rehmann.legal\/#website","url":"https:\/\/rehmann.legal\/","name":"REHMANN.LEGAL","description":"Ihre Kanzlei f\u00fcr IP-Recht","publisher":{"@id":"https:\/\/rehmann.legal\/#organization"},"potentialAction":[{"@type":"SearchAction","target":{"@type":"EntryPoint","urlTemplate":"https:\/\/rehmann.legal\/?s={search_term_string}"},"query-input":{"@type":"PropertyValueSpecification","valueRequired":true,"valueName":"search_term_string"}}],"inLanguage":"en-US"},{"@type":"Organization","@id":"https:\/\/rehmann.legal\/#organization","name":"REHMANN.LEGAL","url":"https:\/\/rehmann.legal\/","logo":{"@type":"ImageObject","inLanguage":"en-US","@id":"https:\/\/rehmann.legal\/#\/schema\/logo\/image\/","url":"https:\/\/rehmann.legal\/wp-content\/uploads\/reh2403_Logo2.jpg","contentUrl":"https:\/\/rehmann.legal\/wp-content\/uploads\/reh2403_Logo2.jpg","width":910,"height":375,"caption":"REHMANN.LEGAL"},"image":{"@id":"https:\/\/rehmann.legal\/#\/schema\/logo\/image\/"},"sameAs":["https:\/\/www.xing.com\/profile\/Thorsten_Rehmann","https:\/\/www.linkedin.com\/in\/thorsten-rehmann-a68574117\/"]}]}},"_links":{"self":[{"href":"https:\/\/rehmann.legal\/en\/wp-json\/wp\/v2\/pages\/1709","targetHints":{"allow":["GET"]}}],"collection":[{"href":"https:\/\/rehmann.legal\/en\/wp-json\/wp\/v2\/pages"}],"about":[{"href":"https:\/\/rehmann.legal\/en\/wp-json\/wp\/v2\/types\/page"}],"author":[{"embeddable":true,"href":"https:\/\/rehmann.legal\/en\/wp-json\/wp\/v2\/users\/1"}],"replies":[{"embeddable":true,"href":"https:\/\/rehmann.legal\/en\/wp-json\/wp\/v2\/comments?post=1709"}],"version-history":[{"count":12,"href":"https:\/\/rehmann.legal\/en\/wp-json\/wp\/v2\/pages\/1709\/revisions"}],"predecessor-version":[{"id":2443,"href":"https:\/\/rehmann.legal\/en\/wp-json\/wp\/v2\/pages\/1709\/revisions\/2443"}],"wp:attachment":[{"href":"https:\/\/rehmann.legal\/en\/wp-json\/wp\/v2\/media?parent=1709"}],"curies":[{"name":"wp","href":"https:\/\/api.w.org\/{rel}","templated":true}]}}